{"id":14436,"date":"2023-12-14T18:36:54","date_gmt":"2023-12-14T17:36:54","guid":{"rendered":"https:\/\/prodelned.nl\/shop\/exprimidor-naranjas-40w-800ml-kuken\/"},"modified":"2025-03-03T16:17:28","modified_gmt":"2025-03-03T15:17:28","slug":"sinaasappelpers-40w-800ml-kuken","status":"publish","type":"product","link":"https:\/\/prodelned.nl\/nl\/winkelen\/sda\/keuken\/sapcentrifuges-en-blenders\/sinaasappelpers-40w-800ml-kuken\/","title":{"rendered":"SINAASAPPELPERS 40W 800ML K\u00dcKEN"},"content":{"rendered":"<ul>\n<li>40W sapcentrifuge.<\/li>\n<li>Plastic behuizing met witte afwerking.<\/li>\n<li>2 universele kegels voor fruit van verschillende grootte: \u00e9\u00e9n voor sinaasappels en \u00e9\u00e9n voor citroenen.<\/li>\n<li>800 ml beker met schaalverdeling.<\/li>\n<li>Ergonomisch ontwerp voor uitstekende hantering.<\/li>\n<li>Spatwaterdichte beschermhoes.<\/li>\n<li>Gemakkelijk schoon te maken afneembare sapcentrifuge.<\/li>\n<li>Rubberen antislipvoetjes.<\/li>\n<\/ul>","protected":false},"excerpt":{"rendered":"<ul>\n<li>Sinaasappelpers.<\/li>\n<li>Met een houder van 800 ml.<\/li>\n<li>Ergonomisch handvat.<\/li>\n<li>Met anti-spatdeksel.<\/li>\n<li>Gemakkelijk schoon te maken.<\/li>\n<\/ul>","protected":false},"featured_media":39393,"template":"","meta":[],"product_cat":[8320],"product_tag":[8346,8345,8344,8240],"class_list":{"0":"post-14436","1":"product","2":"type-product","3":"status-publish","4":"has-post-thumbnail","6":"product_cat-juicers-and-blenders","7":"product_tag-ergonomic-handle","8":"product_tag-with-an-800ml-container","9":"product_tag-orange-juicer","10":"product_tag-easy-cleaning","11":"pa_brand-kuken","12":"pa_capacity-800-ml","13":"pa_colour-white","14":"pa_detachable-yes","15":"pa_material-plastic","16":"pa_non-slip-base-yes","17":"pa_package-quantity-215","18":"pa_power-40w","19":"pa_presentation-box","20":"pa_speeds-3404","21":"pa_voltage-230v","23":"first","24":"instock","25":"product-type-simple"},"_links":{"self":[{"href":"https:\/\/prodelned.nl\/nl\/wp-json\/wp\/v2\/product\/14436","targetHints":{"allow":["GET"]}}],"collection":[{"href":"https:\/\/prodelned.nl\/nl\/wp-json\/wp\/v2\/product"}],"about":[{"href":"https:\/\/prodelned.nl\/nl\/wp-json\/wp\/v2\/types\/product"}],"wp:featuredmedia":[{"embeddable":true,"href":"https:\/\/prodelned.nl\/nl\/wp-json\/wp\/v2\/media\/39393"}],"wp:attachment":[{"href":"https:\/\/prodelned.nl\/nl\/wp-json\/wp\/v2\/media?parent=14436"}],"wp:term":[{"taxonomy":"product_cat","embeddable":true,"href":"https:\/\/prodelned.nl\/nl\/wp-json\/wp\/v2\/product_cat?post=14436"},{"taxonomy":"product_tag","embeddable":true,"href":"https:\/\/prodelned.nl\/nl\/wp-json\/wp\/v2\/product_tag?post=14436"}],"curies":[{"name":"wp","href":"https:\/\/api.w.org\/{rel}","templated":true}]}}